{"id":1682,"date":"2023-09-15T22:47:45","date_gmt":"2023-09-15T20:47:45","guid":{"rendered":"https:\/\/musikverein-reut.de\/musik\/?page_id=1682"},"modified":"2024-05-12T12:35:13","modified_gmt":"2024-05-12T10:35:13","slug":"musikgruppen","status":"publish","type":"page","link":"https:\/\/musikverein-reut.de\/musik\/musikgruppen\/","title":{"rendered":"Musikgruppen"},"content":{"rendered":"\t\t<div data-elementor-type=\"wp-page\" data-elementor-id=\"1682\" class=\"elementor elementor-1682\">\n\t\t\t\t\t\t<section class=\"elementor-section elementor-top-section elementor-element elementor-element-e11013e elementor-section-height-min-height elementor-section-boxed elementor-section-height-default elementor-section-items-middle wpr-particle-no wpr-jarallax-no wpr-parallax-no wpr-sticky-section-no wpr-column-slider-no wpr-equal-height-no\" data-id=\"e11013e\" data-element_type=\"section\" data-e-type=\"section\" data-settings=\"{&quot;background_background&quot;:&quot;classic&quot;,&quot;shape_divider_bottom&quot;:&quot;waves&quot;}\">\n\t\t\t\t\t\t\t<div class=\"elementor-background-overlay\"><\/div>\n\t\t\t\t\t\t<div class=\"elementor-shape elementor-shape-bottom\" aria-hidden=\"true\" data-negative=\"false\">\n\t\t\t<svg xmlns=\"http:\/\/www.w3.org\/2000\/svg\" viewBox=\"0 0 1000 100\" preserveAspectRatio=\"none\">\n\t<path class=\"elementor-shape-fill\" d=\"M421.9,6.5c22.6-2.5,51.5,0.4,75.5,5.3c23.6,4.9,70.9,23.5,100.5,35.7c75.8,32.2,133.7,44.5,192.6,49.7\n\tc23.6,2.1,48.7,3.5,103.4-2.5c54.7-6,106.2-25.6,106.2-25.6V0H0v30.3c0,0,72,32.6,158.4,30.5c39.2-0.7,92.8-6.7,134-22.4\n\tc21.2-8.1,52.2-18.2,79.7-24.2C399.3,7.9,411.6,7.5,421.9,6.5z\"\/>\n<\/svg>\t\t<\/div>\n\t\t\t\t\t<div class=\"elementor-container elementor-column-gap-default\">\n\t\t\t\t\t<div class=\"elementor-column elementor-col-100 elementor-top-column elementor-element elementor-element-92d1402\" data-id=\"92d1402\" data-element_type=\"column\" data-e-type=\"column\">\n\t\t\t<div class=\"elementor-widget-wrap elementor-element-populated\">\n\t\t\t\t\t\t<div class=\"elementor-element elementor-element-8144e5a elementor-widget elementor-widget-heading\" data-id=\"8144e5a\" data-element_type=\"widget\" data-e-type=\"widget\" data-widget_type=\"heading.default\">\n\t\t\t\t<div class=\"elementor-widget-container\">\n\t\t\t\t\t<h2 class=\"elementor-heading-title elementor-size-default\">Musikgruppen<\/h2>\t\t\t\t<\/div>\n\t\t\t\t<\/div>\n\t\t\t\t\t<\/div>\n\t\t<\/div>\n\t\t\t\t\t<\/div>\n\t\t<\/section>\n\t\t\t\t<section class=\"elementor-section elementor-top-section elementor-element elementor-element-c85d39e elementor-section-boxed elementor-section-height-default elementor-section-height-default wpr-particle-no wpr-jarallax-no wpr-parallax-no wpr-sticky-section-no wpr-column-slider-no wpr-equal-height-no\" data-id=\"c85d39e\" data-element_type=\"section\" data-e-type=\"section\">\n\t\t\t\t\t\t<div class=\"elementor-container elementor-column-gap-default\">\n\t\t\t\t\t<div class=\"elementor-column elementor-col-50 elementor-top-column elementor-element elementor-element-5159c18\" data-id=\"5159c18\" data-element_type=\"column\" data-e-type=\"column\" data-settings=\"{&quot;background_background&quot;:&quot;classic&quot;}\">\n\t\t\t<div class=\"elementor-widget-wrap elementor-element-populated\">\n\t\t\t\t\t\t<div class=\"elementor-element elementor-element-8b1cb05 elementor-widget elementor-widget-heading\" data-id=\"8b1cb05\" data-element_type=\"widget\" data-e-type=\"widget\" data-widget_type=\"heading.default\">\n\t\t\t\t<div class=\"elementor-widget-container\">\n\t\t\t\t\t<h2 class=\"elementor-heading-title elementor-size-default\">Musikverein<\/h2>\t\t\t\t<\/div>\n\t\t\t\t<\/div>\n\t\t\t\t\t<\/div>\n\t\t<\/div>\n\t\t\t\t<div class=\"elementor-column elementor-col-50 elementor-top-column elementor-element elementor-element-8a84934\" data-id=\"8a84934\" data-element_type=\"column\" data-e-type=\"column\">\n\t\t\t<div class=\"elementor-widget-wrap elementor-element-populated\">\n\t\t\t\t\t\t<div class=\"elementor-element elementor-element-b252559 elementor-widget elementor-widget-text-editor\" data-id=\"b252559\" data-element_type=\"widget\" data-e-type=\"widget\" data-widget_type=\"text-editor.default\">\n\t\t\t\t<div class=\"elementor-widget-container\">\n\t\t\t\t\t\t\t\t\t<p style=\"margin-top: 0pt; margin-bottom: 0pt; margin-left: 0in; direction: ltr; unicode-bidi: embed; word-break: normal;\"><span style=\"font-size: 16.0pt; font-family: Calibri; mso-ascii-font-family: Calibri; mso-fareast-font-family: +mn-ea; mso-bidi-font-family: +mn-cs; mso-ascii-theme-font: minor-latin; mso-fareast-theme-font: minor-fareast; mso-bidi-theme-font: minor-bidi; color: black; mso-color-index: 1; mso-font-kerning: 12.0pt; language: de; mso-style-textfill-type: solid; mso-style-textfill-fill-themecolor: text1; mso-style-textfill-fill-color: black; mso-style-textfill-fill-alpha: 100.0%;\">Der Musikverein Reut ist eine junge Gruppe, die aus der \u00dcbernahme unseres Blasorchesters entstanden ist.<\/span><\/p><p style=\"margin-top: 0pt; margin-bottom: 0pt; margin-left: 0in; direction: ltr; unicode-bidi: embed; word-break: normal;\"><span style=\"font-size: 16.0pt; font-family: Calibri; mso-ascii-font-family: Calibri; mso-fareast-font-family: +mn-ea; mso-bidi-font-family: +mn-cs; mso-ascii-theme-font: minor-latin; mso-fareast-theme-font: minor-fareast; mso-bidi-theme-font: minor-bidi; color: black; mso-color-index: 1; mso-font-kerning: 12.0pt; language: de; mso-style-textfill-type: solid; mso-style-textfill-fill-themecolor: text1; mso-style-textfill-fill-color: black; mso-style-textfill-fill-alpha: 100.0%;\">Unser Ziel ist es, die musikalische Tradition in unserer Gemeinde zu bewahren und durch unsere gemeinsame Leidenschaft f\u00fcr Musik, Freundschaften zu schlie\u00dfen.<\/span><\/p><p style=\"margin-top: 0pt; margin-bottom: 0pt; margin-left: 0in; direction: ltr; unicode-bidi: embed; word-break: normal;\"><span style=\"font-size: 16.0pt; font-family: Calibri; mso-ascii-font-family: Calibri; mso-fareast-font-family: +mn-ea; mso-bidi-font-family: +mn-cs; mso-ascii-theme-font: minor-latin; mso-fareast-theme-font: minor-fareast; mso-bidi-theme-font: minor-bidi; color: black; mso-color-index: 1; mso-font-kerning: 12.0pt; language: de; mso-style-textfill-type: solid; mso-style-textfill-fill-themecolor: text1; mso-style-textfill-fill-color: black; mso-style-textfill-fill-alpha: 100.0%;\">Wir arbeiten eng mit Schulen, Kirchen und anderen Gemeindeeinrichtungen zusammen, um die Bedeutung der Musik zu betonen und die musikalische Bildung zu f\u00f6rdern.<\/span><\/p><p style=\"margin-top: 0pt; margin-bottom: 0pt; margin-left: 0in; direction: ltr; unicode-bidi: embed; word-break: normal;\"><span style=\"font-size: 16.0pt; font-family: Calibri; mso-ascii-font-family: Calibri; mso-fareast-font-family: +mn-ea; mso-bidi-font-family: +mn-cs; mso-ascii-theme-font: minor-latin; mso-fareast-theme-font: minor-fareast; mso-bidi-theme-font: minor-bidi; color: black; mso-color-index: 1; mso-font-kerning: 12.0pt; language: de; mso-style-textfill-type: solid; mso-style-textfill-fill-themecolor: text1; mso-style-textfill-fill-color: black; mso-style-textfill-fill-alpha: 100.0%;\"> Durch regelm\u00e4\u00dfige Proben, Auftritte und Veranstaltungen bereichern wir das kulturelle Leben und st\u00e4rken unsere Gemeinschaft.<br \/>Wir sind stolz darauf, Musik in unserer Gemeinde zu erhalten und die Freude am Musizieren zu teilen.<\/span><\/p>\t\t\t\t\t\t\t\t<\/div>\n\t\t\t\t<\/div>\n\t\t\t\t\t<\/div>\n\t\t<\/div>\n\t\t\t\t\t<\/div>\n\t\t<\/section>\n\t\t\t\t<section class=\"elementor-section elementor-top-section elementor-element elementor-element-f29001f elementor-section-boxed elementor-section-height-default elementor-section-height-default wpr-particle-no wpr-jarallax-no wpr-parallax-no wpr-sticky-section-no wpr-column-slider-no wpr-equal-height-no\" data-id=\"f29001f\" data-element_type=\"section\" data-e-type=\"section\">\n\t\t\t\t\t\t<div class=\"elementor-container elementor-column-gap-default\">\n\t\t\t\t\t<div class=\"elementor-column elementor-col-50 elementor-top-column elementor-element elementor-element-727a064\" data-id=\"727a064\" data-element_type=\"column\" data-e-type=\"column\" data-settings=\"{&quot;background_background&quot;:&quot;classic&quot;}\">\n\t\t\t<div class=\"elementor-widget-wrap elementor-element-populated\">\n\t\t\t\t\t\t<div class=\"elementor-element elementor-element-a24ce03 elementor-widget elementor-widget-heading\" data-id=\"a24ce03\" data-element_type=\"widget\" data-e-type=\"widget\" data-widget_type=\"heading.default\">\n\t\t\t\t<div class=\"elementor-widget-container\">\n\t\t\t\t\t<h2 class=\"elementor-heading-title elementor-size-default\">Reuter Blechglanz<\/h2>\t\t\t\t<\/div>\n\t\t\t\t<\/div>\n\t\t\t\t\t<\/div>\n\t\t<\/div>\n\t\t\t\t<div class=\"elementor-column elementor-col-50 elementor-top-column elementor-element elementor-element-c0c6795\" data-id=\"c0c6795\" data-element_type=\"column\" data-e-type=\"column\">\n\t\t\t<div class=\"elementor-widget-wrap elementor-element-populated\">\n\t\t\t\t\t\t<div class=\"elementor-element elementor-element-75c6f42 e-transform elementor-widget elementor-widget-text-editor\" data-id=\"75c6f42\" data-element_type=\"widget\" data-e-type=\"widget\" data-settings=\"{&quot;_transform_scale_effect&quot;:{&quot;unit&quot;:&quot;px&quot;,&quot;size&quot;:1,&quot;sizes&quot;:[]},&quot;_transform_scale_effect_tablet&quot;:{&quot;unit&quot;:&quot;px&quot;,&quot;size&quot;:&quot;&quot;,&quot;sizes&quot;:[]},&quot;_transform_scale_effect_mobile&quot;:{&quot;unit&quot;:&quot;px&quot;,&quot;size&quot;:&quot;&quot;,&quot;sizes&quot;:[]}}\" data-widget_type=\"text-editor.default\">\n\t\t\t\t<div class=\"elementor-widget-container\">\n\t\t\t\t\t\t\t\t\t<p style=\"margin-top: 0pt; margin-bottom: 0pt; margin-left: 0in; direction: ltr; unicode-bidi: embed; word-break: normal;\"><span style=\"font-size: 16.0pt; font-family: Calibri; mso-ascii-font-family: Calibri; mso-fareast-font-family: +mn-ea; mso-bidi-font-family: +mn-cs; mso-ascii-theme-font: minor-latin; mso-fareast-theme-font: minor-fareast; mso-bidi-theme-font: minor-bidi; color: black; mso-color-index: 1; mso-font-kerning: 12.0pt; language: de; mso-style-textfill-type: solid; mso-style-textfill-fill-themecolor: text1; mso-style-textfill-fill-color: black; mso-style-textfill-fill-alpha: 100.0%;\">Der Reuter Blechglanz ist eine talentierte Gruppe des Musikvereins Reut. Mehrere Mitglieder haben ein Leistungsabzeichen erworben und pr\u00e4sentieren ihr musikalisches K\u00f6nnen.<\/span><\/p><p style=\"margin-top: 0pt; margin-bottom: 0pt; margin-left: 0in; direction: ltr; unicode-bidi: embed; word-break: normal;\"><span style=\"font-size: 16.0pt; font-family: Calibri; mso-ascii-font-family: Calibri; mso-fareast-font-family: +mn-ea; mso-bidi-font-family: +mn-cs; mso-ascii-theme-font: minor-latin; mso-fareast-theme-font: minor-fareast; mso-bidi-theme-font: minor-bidi; color: black; mso-color-index: 1; mso-font-kerning: 12.0pt; language: de; mso-style-textfill-type: solid; mso-style-textfill-fill-themecolor: text1; mso-style-textfill-fill-color: black; mso-style-textfill-fill-alpha: 100.0%;\">Die Gruppe tritt regelm\u00e4\u00dfig auf und bietet stimmungsvolle Unterhaltung. Das breite Repertoire des Reuter Blechglanz reicht von kraftvollen Brass-Nummern bis hin zu schwungvollen Walzern und modernen St\u00fccken. Bei ihren Auftritten sorgen sie f\u00fcr gute, musikalische Umrahmung.<\/span><\/p>\t\t\t\t\t\t\t\t<\/div>\n\t\t\t\t<\/div>\n\t\t\t\t<div class=\"elementor-element elementor-element-b43f940 elementor-widget elementor-widget-image\" data-id=\"b43f940\" data-element_type=\"widget\" data-e-type=\"widget\" data-widget_type=\"image.default\">\n\t\t\t\t<div class=\"elementor-widget-container\">\n\t\t\t\t\t\t\t\t\t\t\t\t\t\t\t<img decoding=\"async\" src=\"https:\/\/musikverein-reut.de\/musik\/wp-content\/uploads\/2022\/01\/signature.png\" title=\"\" alt=\"\" loading=\"lazy\" \/>\t\t\t\t\t\t\t\t\t\t\t\t\t\t\t<\/div>\n\t\t\t\t<\/div>\n\t\t\t\t\t<\/div>\n\t\t<\/div>\n\t\t\t\t\t<\/div>\n\t\t<\/section>\n\t\t\t\t<\/div>\n\t\t","protected":false},"excerpt":{"rendered":"<p>Musikgruppen Musikverein Der Musikverein Reut ist eine junge Gruppe, die aus der \u00dcbernahme unseres Blasorchesters entstanden ist. Unser Ziel ist es, die musikalische Tradition in unserer Gemeinde zu bewahren und durch unsere gemeinsame Leidenschaft f\u00fcr Musik, Freundschaften zu schlie\u00dfen. Wir arbeiten eng mit Schulen, Kirchen und anderen Gemeindeeinrichtungen zusammen, um die Bedeutung der Musik zu betonen und die musikalische Bildung zu f\u00f6rdern. Durch regelm\u00e4\u00dfige Proben, Auftritte und Veranstaltungen bereichern wir das kulturelle Leben und st\u00e4rken unsere Gemeinschaft.Wir sind stolz darauf, Musik in unserer Gemeinde zu erhalten und die Freude am Musizieren zu teilen. Reuter Blechglanz Der Reuter Blechglanz ist eine talentierte Gruppe des Musikvereins Reut. Mehrere Mitglieder haben ein Leistungsabzeichen erworben und pr\u00e4sentieren ihr musikalisches K\u00f6nnen. Die Gruppe tritt regelm\u00e4\u00dfig auf und bietet stimmungsvolle Unterhaltung. Das breite Repertoire des Reuter Blechglanz reicht von kraftvollen Brass-Nummern bis hin zu schwungvollen Walzern und modernen St\u00fccken. Bei ihren Auftritten sorgen sie f\u00fcr gute, musikalische Umrahmung.<\/p>\n","protected":false},"author":1,"featured_media":0,"parent":0,"menu_order":0,"comment_status":"closed","ping_status":"closed","template":"elementor_canvas","meta":{"footnotes":""},"class_list":["post-1682","page","type-page","status-publish","hentry"],"_links":{"self":[{"href":"https:\/\/musikverein-reut.de\/musik\/wp-json\/wp\/v2\/pages\/1682","targetHints":{"allow":["GET"]}}],"collection":[{"href":"https:\/\/musikverein-reut.de\/musik\/wp-json\/wp\/v2\/pages"}],"about":[{"href":"https:\/\/musikverein-reut.de\/musik\/wp-json\/wp\/v2\/types\/page"}],"author":[{"embeddable":true,"href":"https:\/\/musikverein-reut.de\/musik\/wp-json\/wp\/v2\/users\/1"}],"replies":[{"embeddable":true,"href":"https:\/\/musikverein-reut.de\/musik\/wp-json\/wp\/v2\/comments?post=1682"}],"version-history":[{"count":64,"href":"https:\/\/musikverein-reut.de\/musik\/wp-json\/wp\/v2\/pages\/1682\/revisions"}],"predecessor-version":[{"id":2436,"href":"https:\/\/musikverein-reut.de\/musik\/wp-json\/wp\/v2\/pages\/1682\/revisions\/2436"}],"wp:attachment":[{"href":"https:\/\/musikverein-reut.de\/musik\/wp-json\/wp\/v2\/media?parent=1682"}],"curies":[{"name":"wp","href":"https:\/\/api.w.org\/{rel}","templated":true}]}}